{"id":3006,"date":"2019-06-07T13:57:20","date_gmt":"2019-06-07T13:57:20","guid":{"rendered":"http:\/\/onthemove.lacnic.net\/?page_id=3006"},"modified":"2020-12-07T15:40:01","modified_gmt":"2020-12-07T15:40:01","slug":"agenda-curacao-2019","status":"publish","type":"page","link":"https:\/\/onthemove.lacnic.net\/en\/agenda-curacao-2019\/","title":{"rendered":"Agenda"},"content":{"rendered":"<h2>Wednesday, July 3 08.30 &#8211; 19.00<\/h2>\n<table class=\"tabla\" border=\"0\" cellspacing=\"0\" cellpadding=\"0\">\n<tbody>\n<tr>\n<td>8:30<\/td>\n<td>Opening of event<\/td>\n<\/tr>\n<tr>\n<td>9:00<\/td>\n<td>Welcome<br \/>\n<a href=\"http:\/\/onthemove.lacnic.net\/wp-content\/uploads\/2019\/07\/SN%20Presentation%20LACNIC%20on%20the%20Moove%202019%20_%20Leonardo%20Ladeira%20_%20BTP.pdf\">CEO BT&amp;P \u2013 Franklin SluisThe journey to become a Smart Nation \u2013 Policy Advisor BT&amp;P Leonardo Ladeira<\/a><\/td>\n<\/tr>\n<tr>\n<td>10:00<\/td>\n<td>Break<\/td>\n<\/tr>\n<tr>\n<td>10:30<\/td>\n<td><a href=\"http:\/\/onthemove.lacnic.net\/wp-content\/uploads\/2019\/07\/Sergio%20_Rojas-How%20to%20request%20IPv4%20resources.pdf\">How to request IPv4 resources? &#8211; Sergio Rojas<\/a><\/td>\n<\/tr>\n<tr>\n<td>11:45<\/td>\n<td colspan=\"1\"><a href=\"http:\/\/onthemove.lacnic.net\/wp-content\/uploads\/2019\/07\/Sergio_Rojas-Reverse_DNS.pdf\">DNS Reverse Delegations in IPv6 &#8211; Sergio Rojas<\/a><\/td>\n<\/tr>\n<tr>\n<td>12:00<\/td>\n<td><em><strong>Lunch is provided at the venue<\/strong><\/em><\/td>\n<\/tr>\n<tr>\n<td>13:15<\/td>\n<td><a href=\"http:\/\/onthemove.lacnic.net\/wp-content\/uploads\/2019\/07\/Kevon%20Swift_Policy%20Options%20for%20Deploying%20IPv6.pdf\">Policy Considerations for deploying IPv6 &#8211; Kevon Swift<\/a><\/td>\n<\/tr>\n<tr>\n<td>13:45<\/td>\n<td><a href=\"http:\/\/onthemove.lacnic.net\/wp-content\/uploads\/2019\/07\/IPv6%20for%20Decision%20Makers%20-%20LOTM%20-%20Curacao%202019.pdf\"><span data-sheets-value=\"{&quot;1&quot;:2,&quot;2&quot;:&quot;IPv6 for decision makers Workshop - Alejandro Acosta&quot;}\" data-sheets-userformat=\"{&quot;2&quot;:6659,&quot;3&quot;:{&quot;1&quot;:0},&quot;4&quot;:[null,2,16777215],&quot;12&quot;:0,&quot;14&quot;:[null,2,0],&quot;15&quot;:&quot;Roboto, RobotoDraft, Helvetica, Arial, sans-serif&quot;}\">IPv6 for decision makers Workshop &#8211; Alejandro Acosta<\/span><\/a><\/td>\n<\/tr>\n<tr>\n<td>15:30<\/td>\n<td>Break<\/td>\n<\/tr>\n<tr>\n<td>16:00<\/td>\n<td><a href=\"http:\/\/onthemove.lacnic.net\/wp-content\/uploads\/2019\/07\/IPv6%20Adoption%20and%20Deployment%20Statistics.pdf\">IPv6 Adoption and Deployment Statistics &#8211; Alejandro Acosta<\/a><\/td>\n<\/tr>\n<tr>\n<td>16:30<\/td>\n<td><a href=\"http:\/\/onthemove.lacnic.net\/wp-content\/uploads\/2019\/07\/Charlton%20Donker_Open%20Resolvers%20Project_LACNIC%20on%20the%20Move%202019.pdf\">Open Resolvers Cura\u00e7ao \u2013 BTP \/ CARICERT Charlton Donker<\/a><\/td>\n<\/tr>\n<tr>\n<td>17:00<\/td>\n<td>\n<div class=\"moz-signature\">IPv6 Open Resolvers Service \u2013 Graciela Mart\u00ednez &#8211; Head of WARP LACNIC<\/div>\n<\/td>\n<\/tr>\n<tr>\n<td>17:30<\/td>\n<td>Happy Hour<\/td>\n<\/tr>\n<\/tbody>\n<\/table>\n<h2>Thursday, July 4 08.30 &#8211; 19.00<\/h2>\n<table class=\"tabla\" border=\"0\" cellspacing=\"0\" cellpadding=\"0\">\n<tbody>\n<tr>\n<td>8:30<\/td>\n<td>Welcome \u2013 (recap of Day 1)&nbsp;<\/p>\n<p>Cura\u00e7ao and Caribbean Vulnerabilities statistics \u2013 BT&amp;P\/CARICERT Stephany Calmes<\/td>\n<\/tr>\n<tr>\n<td>9:00<\/td>\n<td>Open Resolvers Cura\u00e7ao \u2013 BTP \/ CARICERT Charlton Donker<\/td>\n<\/tr>\n<tr>\n<td>9:30<\/td>\n<td>IPv6 Open Resolvers Service &#8211; Graciela Mart\u00ednez, Alejandro Acosta<\/td>\n<\/tr>\n<tr>\n<td>10:00<\/td>\n<td>Break<\/td>\n<\/tr>\n<tr>\n<td>10:30<\/td>\n<td><a href=\"http:\/\/onthemove.lacnic.net\/wp-content\/uploads\/2019\/07\/Sergio_Rojas-About_whois.pdf\">About the WHOIS Database &#8211; Sergio Rojas and Graciela Mart\u00ednez<\/a><\/td>\n<\/tr>\n<tr>\n<td>11:00<\/td>\n<td><a href=\"http:\/\/onthemove.lacnic.net\/wp-content\/uploads\/2019\/07\/G_Martinez_LACNIC_LOTM_2019.pdf\">WARP &#8211; Graciela Mart\u00ednez (Type of incidents &amp; Stats)<\/a><\/td>\n<\/tr>\n<tr>\n<td>11:30<\/td>\n<td>Panel: Cyber- and IoT Security: An Overview &#8211; Shernon Osepa, Elgeline Martis<\/td>\n<\/tr>\n<tr>\n<td>&nbsp;<\/td>\n<td>&nbsp;<\/td>\n<\/tr>\n<tr>\n<td>12:50<\/td>\n<td>Closing Remarks LOTM<br \/>\n&#8211; LACNIC<br \/>\n&#8211; COO BT&amp;P Giovanni King<\/td>\n<\/tr>\n<tr>\n<td>13:00<\/td>\n<td><em><strong>Lunch is provided at the venue<\/strong><\/em><\/td>\n<\/tr>\n<tr>\n<td>14:00<\/td>\n<td>AMPARO: &#8220;Steps to create a Computer Security Incident Response Team (CSIRT)&#8221;<\/td>\n<\/tr>\n<tr>\n<td>15:00<\/td>\n<td>BREAK<\/td>\n<\/tr>\n<tr>\n<td>15:30<\/td>\n<td>AMPARO<\/td>\n<\/tr>\n<\/tbody>\n<\/table>\n<h2>Friday, July 4 08.30 &#8211; 19.00<\/h2>\n<p>17:00Closing remarks AMPARO &#8211; Graciela Mart\u00ednez<\/p>\n<table class=\"tabla\" border=\"0\" cellspacing=\"0\" cellpadding=\"0\">\n<tbody>\n<tr>\n<td>9:00<\/td>\n<td>AMPARO<\/td>\n<\/tr>\n<tr>\n<td>10:00<\/td>\n<td>BREAK<\/td>\n<\/tr>\n<tr>\n<td>10:30<\/td>\n<td>AMPARO<\/td>\n<\/tr>\n<tr>\n<td>13:00<\/td>\n<td><em><strong>Lunch is provided at the venue<\/strong><\/em><\/td>\n<\/tr>\n<tr>\n<td>14:00<\/td>\n<td>AMPARO<\/td>\n<\/tr>\n<tr>\n<td>15:00<\/td>\n<td>BREAK<\/td>\n<\/tr>\n<tr>\n<td>15:30<\/td>\n<td>AMPARO<\/td>\n<\/tr>\n<\/tbody>\n<\/table>\n","protected":false},"excerpt":{"rendered":"<p>Wednesday, July 3 08.30 &#8211; 19.00 8:30 Opening of event 9:00 Welcome CEO BT&amp;P \u2013 Franklin SluisThe journey to become a Smart Nation \u2013 Policy Advisor BT&amp;P Leonardo Ladeira 10:00 Break 10:30 How to request IPv4 resources? &#8211; Sergio Rojas 11:45 DNS Reverse Delegations in IPv6 &#8211; Sergio Rojas 12:00 Lunch is provided at the [&hellip;]<\/p>\n","protected":false},"author":2,"featured_media":0,"parent":0,"menu_order":0,"comment_status":"closed","ping_status":"closed","template":"","meta":[],"yoast_head":"<!-- This site is optimized with the Yoast SEO plugin v16.7 - https:\/\/yoast.com\/wordpress\/plugins\/seo\/ -->\n<meta name=\"robots\" content=\"index, follow, max-snippet:-1, max-image-preview:large, max-video-preview:-1\" \/>\n<link rel=\"canonical\" href=\"http:\/\/onthemove.lacnic.net\/en\/agenda-curacao-2019\/\" \/>\n<meta property=\"og:locale\" content=\"en_US\" \/>\n<meta property=\"og:type\" content=\"article\" \/>\n<meta property=\"og:title\" content=\"Agenda - LACNIC On the Move\" \/>\n<meta property=\"og:description\" content=\"Wednesday, July 3 08.30 &#8211; 19.00 8:30 Opening of event 9:00 Welcome CEO BT&amp;P \u2013 Franklin SluisThe journey to become a Smart Nation \u2013 Policy Advisor BT&amp;P Leonardo Ladeira 10:00 Break 10:30 How to request IPv4 resources? &#8211; Sergio Rojas 11:45 DNS Reverse Delegations in IPv6 &#8211; Sergio Rojas 12:00 Lunch is provided at the [&hellip;]\" \/>\n<meta property=\"og:url\" content=\"http:\/\/onthemove.lacnic.net\/en\/agenda-curacao-2019\/\" \/>\n<meta property=\"og:site_name\" content=\"LACNIC On the Move\" \/>\n<meta property=\"article:modified_time\" content=\"2020-12-07T15:40:01+00:00\" \/>\n<meta name=\"twitter:card\" content=\"summary_large_image\" \/>\n<meta name=\"twitter:label1\" content=\"Est. reading time\" \/>\n\t<meta name=\"twitter:data1\" content=\"1 minute\" \/>\n<script type=\"application\/ld+json\" class=\"yoast-schema-graph\">{\"@context\":\"https:\/\/schema.org\",\"@graph\":[{\"@type\":\"WebSite\",\"@id\":\"http:\/\/onthemove.lacnic.net\/#website\",\"url\":\"http:\/\/onthemove.lacnic.net\/\",\"name\":\"LACNIC On the Move\",\"description\":\"El Registro de Direcciones de Internet para Latinoam\\u00e9rica y El Caribe (LACNIC), organiza una serie de eventos en la regi\\u00f3n de Centroam\\u00e9rica y El Caribe, denominados \\u201cLACNIC On The Move\\u201d\",\"potentialAction\":[{\"@type\":\"SearchAction\",\"target\":{\"@type\":\"EntryPoint\",\"urlTemplate\":\"http:\/\/onthemove.lacnic.net\/?s={search_term_string}\"},\"query-input\":\"required name=search_term_string\"}],\"inLanguage\":\"en-US\"},{\"@type\":\"WebPage\",\"@id\":\"http:\/\/onthemove.lacnic.net\/en\/agenda-curacao-2019\/#webpage\",\"url\":\"http:\/\/onthemove.lacnic.net\/en\/agenda-curacao-2019\/\",\"name\":\"Agenda - LACNIC On the Move\",\"isPartOf\":{\"@id\":\"http:\/\/onthemove.lacnic.net\/#website\"},\"datePublished\":\"2019-06-07T13:57:20+00:00\",\"dateModified\":\"2020-12-07T15:40:01+00:00\",\"breadcrumb\":{\"@id\":\"http:\/\/onthemove.lacnic.net\/en\/agenda-curacao-2019\/#breadcrumb\"},\"inLanguage\":\"en-US\",\"potentialAction\":[{\"@type\":\"ReadAction\",\"target\":[\"http:\/\/onthemove.lacnic.net\/en\/agenda-curacao-2019\/\"]}]},{\"@type\":\"BreadcrumbList\",\"@id\":\"http:\/\/onthemove.lacnic.net\/en\/agenda-curacao-2019\/#breadcrumb\",\"itemListElement\":[{\"@type\":\"ListItem\",\"position\":1,\"name\":\"Portada\",\"item\":\"https:\/\/onthemove.lacnic.net\/en\/\"},{\"@type\":\"ListItem\",\"position\":2,\"name\":\"Agenda\"}]}]}<\/script>\n<!-- \/ Yoast SEO plugin. -->","yoast_head_json":{"robots":{"index":"index","follow":"follow","max-snippet":"max-snippet:-1","max-image-preview":"max-image-preview:large","max-video-preview":"max-video-preview:-1"},"canonical":"http:\/\/onthemove.lacnic.net\/en\/agenda-curacao-2019\/","og_locale":"en_US","og_type":"article","og_title":"Agenda - LACNIC On the Move","og_description":"Wednesday, July 3 08.30 &#8211; 19.00 8:30 Opening of event 9:00 Welcome CEO BT&amp;P \u2013 Franklin SluisThe journey to become a Smart Nation \u2013 Policy Advisor BT&amp;P Leonardo Ladeira 10:00 Break 10:30 How to request IPv4 resources? &#8211; Sergio Rojas 11:45 DNS Reverse Delegations in IPv6 &#8211; Sergio Rojas 12:00 Lunch is provided at the [&hellip;]","og_url":"http:\/\/onthemove.lacnic.net\/en\/agenda-curacao-2019\/","og_site_name":"LACNIC On the Move","article_modified_time":"2020-12-07T15:40:01+00:00","twitter_card":"summary_large_image","twitter_misc":{"Est. reading time":"1 minute"},"schema":{"@context":"https:\/\/schema.org","@graph":[{"@type":"WebSite","@id":"http:\/\/onthemove.lacnic.net\/#website","url":"http:\/\/onthemove.lacnic.net\/","name":"LACNIC On the Move","description":"El Registro de Direcciones de Internet para Latinoam\u00e9rica y El Caribe (LACNIC), organiza una serie de eventos en la regi\u00f3n de Centroam\u00e9rica y El Caribe, denominados \u201cLACNIC On The Move\u201d","potentialAction":[{"@type":"SearchAction","target":{"@type":"EntryPoint","urlTemplate":"http:\/\/onthemove.lacnic.net\/?s={search_term_string}"},"query-input":"required name=search_term_string"}],"inLanguage":"en-US"},{"@type":"WebPage","@id":"http:\/\/onthemove.lacnic.net\/en\/agenda-curacao-2019\/#webpage","url":"http:\/\/onthemove.lacnic.net\/en\/agenda-curacao-2019\/","name":"Agenda - LACNIC On the Move","isPartOf":{"@id":"http:\/\/onthemove.lacnic.net\/#website"},"datePublished":"2019-06-07T13:57:20+00:00","dateModified":"2020-12-07T15:40:01+00:00","breadcrumb":{"@id":"http:\/\/onthemove.lacnic.net\/en\/agenda-curacao-2019\/#breadcrumb"},"inLanguage":"en-US","potentialAction":[{"@type":"ReadAction","target":["http:\/\/onthemove.lacnic.net\/en\/agenda-curacao-2019\/"]}]},{"@type":"BreadcrumbList","@id":"http:\/\/onthemove.lacnic.net\/en\/agenda-curacao-2019\/#breadcrumb","itemListElement":[{"@type":"ListItem","position":1,"name":"Portada","item":"https:\/\/onthemove.lacnic.net\/en\/"},{"@type":"ListItem","position":2,"name":"Agenda"}]}]}},"_links":{"self":[{"href":"https:\/\/onthemove.lacnic.net\/en\/wp-json\/wp\/v2\/pages\/3006"}],"collection":[{"href":"https:\/\/onthemove.lacnic.net\/en\/wp-json\/wp\/v2\/pages"}],"about":[{"href":"https:\/\/onthemove.lacnic.net\/en\/wp-json\/wp\/v2\/types\/page"}],"author":[{"embeddable":true,"href":"https:\/\/onthemove.lacnic.net\/en\/wp-json\/wp\/v2\/users\/2"}],"replies":[{"embeddable":true,"href":"https:\/\/onthemove.lacnic.net\/en\/wp-json\/wp\/v2\/comments?post=3006"}],"version-history":[{"count":18,"href":"https:\/\/onthemove.lacnic.net\/en\/wp-json\/wp\/v2\/pages\/3006\/revisions"}],"predecessor-version":[{"id":3301,"href":"https:\/\/onthemove.lacnic.net\/en\/wp-json\/wp\/v2\/pages\/3006\/revisions\/3301"}],"wp:attachment":[{"href":"https:\/\/onthemove.lacnic.net\/en\/wp-json\/wp\/v2\/media?parent=3006"}],"curies":[{"name":"wp","href":"https:\/\/api.w.org\/{rel}","templated":true}]}}