{"id":2988,"date":"2019-06-06T18:35:48","date_gmt":"2019-06-06T18:35:48","guid":{"rendered":"http:\/\/onthemove.lacnic.net\/?page_id=2988"},"modified":"2021-05-20T15:58:12","modified_gmt":"2021-05-20T18:58:12","slug":"lacnic-on-the-move","status":"publish","type":"page","link":"https:\/\/onthemove.lacnic.net\/en\/","title":{"rendered":"LACNIC On the Move"},"content":{"rendered":"<p>The Internet Address Registry for Latin America and the Caribbean (LACNIC) organizes a series of events in Central America and the Caribbean called \u201cLACNIC On the Move\u201d. These events focus on Internet communities, governments and key players of the Internet ecosystem and seek to share information, experiences and best practices on IPv6 deployment; promote the creation of Internet Exchange Points (IXPs); computer security issues; and key global Internet Governance topics currently under discussion.<\/p>\n<p>Following the success of the 2015 editions of \u201cLACNIC Caribbean On the Move,\u201d we are now expanding \u201cLACNIC On the Move\u201d to Central America and the Caribbean in order to promote and develop common regional agendas and ensure that all Latin American and Caribbean stakeholders can participate in the construction of an Internet at the service of our social, economic and cultural development.<\/p>\n<p>Each of these events will be held over one or two days; ideally, they will be co-located with another IT-related event in each country. LACNIC has great interest in partnering with other interested organizations, including, but not limited to, professional ICT associations, universities, governments and regulators.<\/p>\n<p>Contact:\u00a0onthemove [at] lacnic [.] net<\/p>\n<p><strong>The goals of LACNIC On the Move include:<\/strong><\/p>\n<ul>\n<li>Fostering closer relationships among the various Internet actors and stakeholders<\/li>\n<li>Creating awareness among different audiences about LACNIC, the Internet ecosystem and numbering resources<\/li>\n<li>Providing information on the technical services offered by LACNIC, including Internet number resource requests, management and certification, and offering a high-level overview of IPv6 network management<\/li>\n<li>Sharing information on the policies that apply to Internet number resource allocation within the LACNIC Community, policy development processes (PDPs) and other current issues<\/li>\n<li>Raising awareness on general aspects of Internet governance, key issues such as IPv4 address exhaustion and IPv6 adoption, as well as on specific Internet Governance issues currently under discussion<\/li>\n<li>Encouraging the Community to participate in LACNIC on important issues affecting regional Internet development.<\/li>\n<\/ul>\n","protected":false},"excerpt":{"rendered":"<p>The Internet Address Registry for Latin America and the Caribbean (LACNIC) organizes a series of events in Central America and the Caribbean called \u201cLACNIC On the Move\u201d. These events focus on Internet communities, governments and key players of the Internet ecosystem and seek to share information, experiences and best practices on IPv6 deployment; promote the [&hellip;]<\/p>\n","protected":false},"author":2,"featured_media":0,"parent":0,"menu_order":0,"comment_status":"closed","ping_status":"closed","template":"","meta":[],"yoast_head":"<!-- This site is optimized with the Yoast SEO plugin v16.7 - https:\/\/yoast.com\/wordpress\/plugins\/seo\/ -->\n<meta name=\"robots\" content=\"index, follow, max-snippet:-1, max-image-preview:large, max-video-preview:-1\" \/>\n<link rel=\"canonical\" href=\"https:\/\/onthemove.lacnic.net\/en\/\" \/>\n<meta property=\"og:locale\" content=\"en_US\" \/>\n<meta property=\"og:type\" content=\"article\" \/>\n<meta property=\"og:title\" content=\"LACNIC On the Move - LACNIC On the Move\" \/>\n<meta property=\"og:description\" content=\"The Internet Address Registry for Latin America and the Caribbean (LACNIC) organizes a series of events in Central America and the Caribbean called \u201cLACNIC On the Move\u201d. These events focus on Internet communities, governments and key players of the Internet ecosystem and seek to share information, experiences and best practices on IPv6 deployment; promote the [&hellip;]\" \/>\n<meta property=\"og:url\" content=\"https:\/\/onthemove.lacnic.net\/en\/\" \/>\n<meta property=\"og:site_name\" content=\"LACNIC On the Move\" \/>\n<meta property=\"article:modified_time\" content=\"2021-05-20T18:58:12+00:00\" \/>\n<meta name=\"twitter:card\" content=\"summary_large_image\" \/>\n<meta name=\"twitter:label1\" content=\"Est. reading time\" \/>\n\t<meta name=\"twitter:data1\" content=\"2 minutes\" \/>\n<script type=\"application\/ld+json\" class=\"yoast-schema-graph\">{\"@context\":\"https:\/\/schema.org\",\"@graph\":[{\"@type\":\"WebSite\",\"@id\":\"http:\/\/onthemove.lacnic.net\/#website\",\"url\":\"http:\/\/onthemove.lacnic.net\/\",\"name\":\"LACNIC On the Move\",\"description\":\"El Registro de Direcciones de Internet para Latinoam\\u00e9rica y El Caribe (LACNIC), organiza una serie de eventos en la regi\\u00f3n de Centroam\\u00e9rica y El Caribe, denominados \\u201cLACNIC On The Move\\u201d\",\"potentialAction\":[{\"@type\":\"SearchAction\",\"target\":{\"@type\":\"EntryPoint\",\"urlTemplate\":\"http:\/\/onthemove.lacnic.net\/?s={search_term_string}\"},\"query-input\":\"required name=search_term_string\"}],\"inLanguage\":\"en-US\"},{\"@type\":\"WebPage\",\"@id\":\"https:\/\/onthemove.lacnic.net\/en\/#webpage\",\"url\":\"https:\/\/onthemove.lacnic.net\/en\/\",\"name\":\"LACNIC On the Move - LACNIC On the Move\",\"isPartOf\":{\"@id\":\"http:\/\/onthemove.lacnic.net\/#website\"},\"datePublished\":\"2019-06-06T18:35:48+00:00\",\"dateModified\":\"2021-05-20T18:58:12+00:00\",\"breadcrumb\":{\"@id\":\"https:\/\/onthemove.lacnic.net\/en\/#breadcrumb\"},\"inLanguage\":\"en-US\",\"potentialAction\":[{\"@type\":\"ReadAction\",\"target\":[\"https:\/\/onthemove.lacnic.net\/en\/\"]}]},{\"@type\":\"BreadcrumbList\",\"@id\":\"https:\/\/onthemove.lacnic.net\/en\/#breadcrumb\",\"itemListElement\":[{\"@type\":\"ListItem\",\"position\":1,\"name\":\"Portada\",\"item\":\"https:\/\/onthemove.lacnic.net\/en\/\"},{\"@type\":\"ListItem\",\"position\":2,\"name\":\"LACNIC On the Move\"}]}]}<\/script>\n<!-- \/ Yoast SEO plugin. -->","yoast_head_json":{"robots":{"index":"index","follow":"follow","max-snippet":"max-snippet:-1","max-image-preview":"max-image-preview:large","max-video-preview":"max-video-preview:-1"},"canonical":"https:\/\/onthemove.lacnic.net\/en\/","og_locale":"en_US","og_type":"article","og_title":"LACNIC On the Move - LACNIC On the Move","og_description":"The Internet Address Registry for Latin America and the Caribbean (LACNIC) organizes a series of events in Central America and the Caribbean called \u201cLACNIC On the Move\u201d. These events focus on Internet communities, governments and key players of the Internet ecosystem and seek to share information, experiences and best practices on IPv6 deployment; promote the [&hellip;]","og_url":"https:\/\/onthemove.lacnic.net\/en\/","og_site_name":"LACNIC On the Move","article_modified_time":"2021-05-20T18:58:12+00:00","twitter_card":"summary_large_image","twitter_misc":{"Est. reading time":"2 minutes"},"schema":{"@context":"https:\/\/schema.org","@graph":[{"@type":"WebSite","@id":"http:\/\/onthemove.lacnic.net\/#website","url":"http:\/\/onthemove.lacnic.net\/","name":"LACNIC On the Move","description":"El Registro de Direcciones de Internet para Latinoam\u00e9rica y El Caribe (LACNIC), organiza una serie de eventos en la regi\u00f3n de Centroam\u00e9rica y El Caribe, denominados \u201cLACNIC On The Move\u201d","potentialAction":[{"@type":"SearchAction","target":{"@type":"EntryPoint","urlTemplate":"http:\/\/onthemove.lacnic.net\/?s={search_term_string}"},"query-input":"required name=search_term_string"}],"inLanguage":"en-US"},{"@type":"WebPage","@id":"https:\/\/onthemove.lacnic.net\/en\/#webpage","url":"https:\/\/onthemove.lacnic.net\/en\/","name":"LACNIC On the Move - LACNIC On the Move","isPartOf":{"@id":"http:\/\/onthemove.lacnic.net\/#website"},"datePublished":"2019-06-06T18:35:48+00:00","dateModified":"2021-05-20T18:58:12+00:00","breadcrumb":{"@id":"https:\/\/onthemove.lacnic.net\/en\/#breadcrumb"},"inLanguage":"en-US","potentialAction":[{"@type":"ReadAction","target":["https:\/\/onthemove.lacnic.net\/en\/"]}]},{"@type":"BreadcrumbList","@id":"https:\/\/onthemove.lacnic.net\/en\/#breadcrumb","itemListElement":[{"@type":"ListItem","position":1,"name":"Portada","item":"https:\/\/onthemove.lacnic.net\/en\/"},{"@type":"ListItem","position":2,"name":"LACNIC On the Move"}]}]}},"_links":{"self":[{"href":"https:\/\/onthemove.lacnic.net\/en\/wp-json\/wp\/v2\/pages\/2988"}],"collection":[{"href":"https:\/\/onthemove.lacnic.net\/en\/wp-json\/wp\/v2\/pages"}],"about":[{"href":"https:\/\/onthemove.lacnic.net\/en\/wp-json\/wp\/v2\/types\/page"}],"author":[{"embeddable":true,"href":"https:\/\/onthemove.lacnic.net\/en\/wp-json\/wp\/v2\/users\/2"}],"replies":[{"embeddable":true,"href":"https:\/\/onthemove.lacnic.net\/en\/wp-json\/wp\/v2\/comments?post=2988"}],"version-history":[{"count":12,"href":"https:\/\/onthemove.lacnic.net\/en\/wp-json\/wp\/v2\/pages\/2988\/revisions"}],"predecessor-version":[{"id":3336,"href":"https:\/\/onthemove.lacnic.net\/en\/wp-json\/wp\/v2\/pages\/2988\/revisions\/3336"}],"wp:attachment":[{"href":"https:\/\/onthemove.lacnic.net\/en\/wp-json\/wp\/v2\/media?parent=2988"}],"curies":[{"name":"wp","href":"https:\/\/api.w.org\/{rel}","templated":true}]}}