{"id":14,"date":"2016-03-14T14:28:41","date_gmt":"2016-03-14T14:28:41","guid":{"rendered":"http:\/\/onthemove.lacnic.net\/?page_id=14&#038;lang=en"},"modified":"2020-09-04T11:42:14","modified_gmt":"2020-09-04T11:42:14","slug":"events","status":"publish","type":"page","link":"https:\/\/onthemove.lacnic.net\/en\/events\/","title":{"rendered":"EVENTS"},"content":{"rendered":"<p>Each event consists of an interactive seminar and is held over approximately two (2) days. In each case, LACNIC partners and works with local organizations.<\/p>\n<p>Among others, each event addresses the following topics:<\/p>\n<ul>\n<li>The Internet ecosystem<\/li>\n<li>Internet numbering resources<\/li>\n<li>LACNIC policies and services<\/li>\n<li>Internet Governance<\/li>\n<li>Introduction to IPv6<\/li>\n<li>Introduction to RPKI<\/li>\n<li>Introduction to DNSSEC<\/li>\n<li>How to become involved in the LACNIC community<\/li>\n<\/ul>\n<p>Internet development is a multifaceted issue that requires the work and support of multiple actors.<\/p>\n<p>If your organization would like to host a &#8220;LACNIC On the Move&#8221; event, or if you&#8217;d like to explore sponsorship opportunities to increase the visibility of your work, please contact us at <a href=\"mailto:onthemove@lacnic.net\">onthemove@lacnic.net<\/a><\/p>\n<h3>2020<\/h3>\n<p><a href=\"https:\/\/onthemove.lacnic.net\/lotm-elsalvador\/\">Online meeting &#8211; El Slavador<\/a><br \/>\n27 &#8211; 28 august<\/p>\n<h3>2019<\/h3>\n<p><a href=\"http:\/\/onthemove.lacnic.net\/en\/curacao-2019\/\">On the move: Cura\u00e7ao 2019<\/a><br \/>\n03 &#8211; 05 July | Willemstad<\/p>\n<h3>2018<\/h3>\n<p><a href=\"http:\/\/onthemove.lacnic.net\/lotm-paraguay-2018\/\">On the move: Paraguay 2018<\/a><br \/>\n05 &#8211; 07 Mayo | Asunci\u00f3n<\/p>\n<h3>2017<\/h3>\n<p><a href=\"http:\/\/onthemove.lacnic.net\/en\/medellin-2017-en\/\">On the move: Colombia 2017<\/a><br \/>\n22 &#8211; 24 november | Medell\u00edn<\/p>\n<p><a href=\"http:\/\/onthemove.lacnic.net\/internet-week-guyana\/\">On the move: Guyana 2017<\/a><br \/>\n22 &#8211; 24 november | Georgetown<\/p>\n<p><a href=\"http:\/\/onthemove.lacnic.net\/2017-guatemala\/\">On the move: Guatemala 2017<\/a><br \/>\n20 &#8211; 22 march | Ciudad de Guatemala<\/p>\n<h3>2016<\/h3>\n<p><a href=\"http:\/\/onthemove.lacnic.net\/sint-maarten\/en\/index.html\">On the move: Sint Maarten 2016<\/a><br \/>\n27 &#8211; 28 october | Philipsburg<\/p>\n<p><a href=\"http:\/\/onthemove.lacnic.net\/republica-dominicana-2016\">On the move: Rep\u00fablica Dominicana 2016<\/a><br \/>\n22 august | Santo Domingo<\/p>\n<p><a href=\"http:\/\/onthemove.lacnic.net\/honduras-2016\/\">On the move: Honduras 2016<\/a><br \/>\n18 &#8211; 20 april | Tegucigalpa<\/p>\n<h3>2015<\/h3>\n<p><a href=\"http:\/\/onthemove.lacnic.net\/belice-2015\/\">On the move: Belize 2015<\/a><br \/>\n02 &#8211; 06 november | Ciudad de Belice<\/p>\n<p><a href=\"http:\/\/onthemove.lacnic.net\/surinam-2015\/\">On the move: Surinam 2015<\/a><br \/>\n03 &#8211; 04 july | Surinam<\/p>\n","protected":false},"excerpt":{"rendered":"<p>Each event consists of an interactive seminar and is held over approximately two (2) days. In each case, LACNIC partners and works with local organizations. Among others, each event addresses the following topics: The Internet ecosystem Internet numbering resources LACNIC policies and services Internet Governance Introduction to IPv6 Introduction to RPKI Introduction to DNSSEC How [&hellip;]<\/p>\n","protected":false},"author":2,"featured_media":0,"parent":0,"menu_order":0,"comment_status":"closed","ping_status":"closed","template":"","meta":[],"yoast_head":"<!-- This site is optimized with the Yoast SEO plugin v16.7 - https:\/\/yoast.com\/wordpress\/plugins\/seo\/ -->\n<meta name=\"robots\" content=\"index, follow, max-snippet:-1, max-image-preview:large, max-video-preview:-1\" \/>\n<link rel=\"canonical\" href=\"http:\/\/onthemove.lacnic.net\/en\/events\/\" \/>\n<meta property=\"og:locale\" content=\"en_US\" \/>\n<meta property=\"og:type\" content=\"article\" \/>\n<meta property=\"og:title\" content=\"EVENTS - LACNIC On the Move\" \/>\n<meta property=\"og:description\" content=\"Each event consists of an interactive seminar and is held over approximately two (2) days. In each case, LACNIC partners and works with local organizations. Among others, each event addresses the following topics: The Internet ecosystem Internet numbering resources LACNIC policies and services Internet Governance Introduction to IPv6 Introduction to RPKI Introduction to DNSSEC How [&hellip;]\" \/>\n<meta property=\"og:url\" content=\"http:\/\/onthemove.lacnic.net\/en\/events\/\" \/>\n<meta property=\"og:site_name\" content=\"LACNIC On the Move\" \/>\n<meta property=\"article:modified_time\" content=\"2020-09-04T11:42:14+00:00\" \/>\n<meta name=\"twitter:card\" content=\"summary_large_image\" \/>\n<meta name=\"twitter:label1\" content=\"Est. reading time\" \/>\n\t<meta name=\"twitter:data1\" content=\"1 minute\" \/>\n<script type=\"application\/ld+json\" class=\"yoast-schema-graph\">{\"@context\":\"https:\/\/schema.org\",\"@graph\":[{\"@type\":\"WebSite\",\"@id\":\"http:\/\/onthemove.lacnic.net\/#website\",\"url\":\"http:\/\/onthemove.lacnic.net\/\",\"name\":\"LACNIC On the Move\",\"description\":\"El Registro de Direcciones de Internet para Latinoam\\u00e9rica y El Caribe (LACNIC), organiza una serie de eventos en la regi\\u00f3n de Centroam\\u00e9rica y El Caribe, denominados \\u201cLACNIC On The Move\\u201d\",\"potentialAction\":[{\"@type\":\"SearchAction\",\"target\":{\"@type\":\"EntryPoint\",\"urlTemplate\":\"http:\/\/onthemove.lacnic.net\/?s={search_term_string}\"},\"query-input\":\"required name=search_term_string\"}],\"inLanguage\":\"en-US\"},{\"@type\":\"WebPage\",\"@id\":\"http:\/\/onthemove.lacnic.net\/en\/events\/#webpage\",\"url\":\"http:\/\/onthemove.lacnic.net\/en\/events\/\",\"name\":\"EVENTS - LACNIC On the Move\",\"isPartOf\":{\"@id\":\"http:\/\/onthemove.lacnic.net\/#website\"},\"datePublished\":\"2016-03-14T14:28:41+00:00\",\"dateModified\":\"2020-09-04T11:42:14+00:00\",\"breadcrumb\":{\"@id\":\"http:\/\/onthemove.lacnic.net\/en\/events\/#breadcrumb\"},\"inLanguage\":\"en-US\",\"potentialAction\":[{\"@type\":\"ReadAction\",\"target\":[\"http:\/\/onthemove.lacnic.net\/en\/events\/\"]}]},{\"@type\":\"BreadcrumbList\",\"@id\":\"http:\/\/onthemove.lacnic.net\/en\/events\/#breadcrumb\",\"itemListElement\":[{\"@type\":\"ListItem\",\"position\":1,\"name\":\"Portada\",\"item\":\"https:\/\/onthemove.lacnic.net\/en\/\"},{\"@type\":\"ListItem\",\"position\":2,\"name\":\"EVENTS\"}]}]}<\/script>\n<!-- \/ Yoast SEO plugin. -->","yoast_head_json":{"robots":{"index":"index","follow":"follow","max-snippet":"max-snippet:-1","max-image-preview":"max-image-preview:large","max-video-preview":"max-video-preview:-1"},"canonical":"http:\/\/onthemove.lacnic.net\/en\/events\/","og_locale":"en_US","og_type":"article","og_title":"EVENTS - LACNIC On the Move","og_description":"Each event consists of an interactive seminar and is held over approximately two (2) days. In each case, LACNIC partners and works with local organizations. Among others, each event addresses the following topics: The Internet ecosystem Internet numbering resources LACNIC policies and services Internet Governance Introduction to IPv6 Introduction to RPKI Introduction to DNSSEC How [&hellip;]","og_url":"http:\/\/onthemove.lacnic.net\/en\/events\/","og_site_name":"LACNIC On the Move","article_modified_time":"2020-09-04T11:42:14+00:00","twitter_card":"summary_large_image","twitter_misc":{"Est. reading time":"1 minute"},"schema":{"@context":"https:\/\/schema.org","@graph":[{"@type":"WebSite","@id":"http:\/\/onthemove.lacnic.net\/#website","url":"http:\/\/onthemove.lacnic.net\/","name":"LACNIC On the Move","description":"El Registro de Direcciones de Internet para Latinoam\u00e9rica y El Caribe (LACNIC), organiza una serie de eventos en la regi\u00f3n de Centroam\u00e9rica y El Caribe, denominados \u201cLACNIC On The Move\u201d","potentialAction":[{"@type":"SearchAction","target":{"@type":"EntryPoint","urlTemplate":"http:\/\/onthemove.lacnic.net\/?s={search_term_string}"},"query-input":"required name=search_term_string"}],"inLanguage":"en-US"},{"@type":"WebPage","@id":"http:\/\/onthemove.lacnic.net\/en\/events\/#webpage","url":"http:\/\/onthemove.lacnic.net\/en\/events\/","name":"EVENTS - LACNIC On the Move","isPartOf":{"@id":"http:\/\/onthemove.lacnic.net\/#website"},"datePublished":"2016-03-14T14:28:41+00:00","dateModified":"2020-09-04T11:42:14+00:00","breadcrumb":{"@id":"http:\/\/onthemove.lacnic.net\/en\/events\/#breadcrumb"},"inLanguage":"en-US","potentialAction":[{"@type":"ReadAction","target":["http:\/\/onthemove.lacnic.net\/en\/events\/"]}]},{"@type":"BreadcrumbList","@id":"http:\/\/onthemove.lacnic.net\/en\/events\/#breadcrumb","itemListElement":[{"@type":"ListItem","position":1,"name":"Portada","item":"https:\/\/onthemove.lacnic.net\/en\/"},{"@type":"ListItem","position":2,"name":"EVENTS"}]}]}},"_links":{"self":[{"href":"https:\/\/onthemove.lacnic.net\/en\/wp-json\/wp\/v2\/pages\/14"}],"collection":[{"href":"https:\/\/onthemove.lacnic.net\/en\/wp-json\/wp\/v2\/pages"}],"about":[{"href":"https:\/\/onthemove.lacnic.net\/en\/wp-json\/wp\/v2\/types\/page"}],"author":[{"embeddable":true,"href":"https:\/\/onthemove.lacnic.net\/en\/wp-json\/wp\/v2\/users\/2"}],"replies":[{"embeddable":true,"href":"https:\/\/onthemove.lacnic.net\/en\/wp-json\/wp\/v2\/comments?post=14"}],"version-history":[{"count":28,"href":"https:\/\/onthemove.lacnic.net\/en\/wp-json\/wp\/v2\/pages\/14\/revisions"}],"predecessor-version":[{"id":3257,"href":"https:\/\/onthemove.lacnic.net\/en\/wp-json\/wp\/v2\/pages\/14\/revisions\/3257"}],"wp:attachment":[{"href":"https:\/\/onthemove.lacnic.net\/en\/wp-json\/wp\/v2\/media?parent=14"}],"curies":[{"name":"wp","href":"https:\/\/api.w.org\/{rel}","templated":true}]}}